{"id":10850,"date":"2021-05-13T11:19:51","date_gmt":"2021-05-13T15:19:51","guid":{"rendered":"https:\/\/viacapitaledumontroyal.com\/?page_id=10850"},"modified":"2021-05-20T16:35:46","modified_gmt":"2021-05-20T20:35:46","slug":"news-media-en","status":"publish","type":"page","link":"https:\/\/viacapitaledumontroyal.com\/en\/news-media-en\/","title":{"rendered":"News &#038; Media"},"content":{"rendered":"<p>[vc_row][vc_column][vc_single_image image=&#8221;10864&#8243; img_size=&#8221;full&#8221; alignment=&#8221;center&#8221;][\/vc_column][\/vc_row][vc_row][vc_column][vc_column_text]<\/p>\n<h1>They talk about us<\/h1>\n<p><strong>Via Capitale du Mont-Royal is frequently solicited by the media for its knowledge of the local real estate market. Via Capitale de Mont-Royal has been featured in the most widely read print, online, radio and television media.<\/strong><\/p>\n<p><span style=\"font-size: 1rem;\">Via Capitale du Mont-Royal is frequently contacted by the media for its knowledge of the local real estate market. Via Capitale de Mont-Royal has been featured in the most widely read print, online, radio, and television media. Most articles are presented to you in their original language, but please note we serve clients in English, Spanish, and many more languages.<\/span>[\/vc_column_text][\/vc_column][\/vc_row][vc_row][vc_column][vc_separator][\/vc_column][\/vc_row][vc_row][vc_column width=&#8221;2\/3&#8243;][vc_column_text]<h2>Nouveau Projet: les num\u00e9ros<\/h2>\r\n\r\n<table style=\"border-width:0px\">\r\n\r\n\t<tr>\r\n\t\t<td style=\"border-width:0px;width:98%;\">\r\n\t\t\t<p>Source : <img src=\"https:\/\/viacapitaledumontroyal.com\/wp-content\/uploads\/NouveauProjet-logo-137x30-1.jpg\" style=\"margin-bottom:0px;\" \/> Nouveau Projet - <small><strong>2021-04-01 12:00<\/strong><\/small><\/p>\r\n\t\t\t<p><em><p><span>Rien ne nous a davantage manqu\u00e9, depuis un an, que les bras des gens que nous aimons. Nous avons cherch\u00e9 \u00e0 reproduire un peu de cette tendresse dans ce num\u00e9ro arriv\u00e9 \u00e0 l\u2019or\u00e9e d\u2019un printemps en forme de lumi\u00e8re au bout du tunnel. Maxyme G. Delisle propose un essai photo sur le th\u00e8me de la proximit\u00e9, Ana\u00efs Barbeau-Lavalette raconte sa connexion avec le monde naturel, Philippe Ducros adresse une lettre \u00e0 sa fille, tandis que Nicolas Langelier m\u00e9dite sur la trajectoire cyclique de nos vies. Avec Marc S\u00e9guin, Safia Nolin, Manal Drissi, Martine Delvaux, Louise Arbour, et plusieurs autres.<\/span><\/p>\n<\/em><\/p>\r\n\t\t\t<p><a href=\"https:\/\/edition.atelier10.ca\/nouveau-projet\/magazine\" target=\"_blank\" rel=\"noopener\">Voir l'int\u00e9gralit\u00e9 de l'article<\/a><\/p>\r\n\t\t<\/td>\r\n\t\t<td style=\"border-width:0px;\">\r\n\t\t\t<p><\/p>\r\n\t\t<\/td>\r\n\t<\/tr>\r\n<\/table>\r\n\r\n<hr \/><h2>VENDRE SA MAISON DE TROIS FA\u00c7ONS \/ DESIGN IND\u00c9MODABLE<\/h2>\r\n\r\n<table style=\"border-width:0px\">\r\n\r\n\t<tr>\r\n\t\t<td style=\"border-width:0px;width:98%;\">\r\n\t\t\t<p>Source : <img src=\"https:\/\/viacapitaledumontroyal.com\/wp-content\/uploads\/30x30-logo-radio-immo-copy.jpeg\" style=\"margin-bottom:0px;\" \/> \u00c9mission \u00e7a vaut le co\u00fbt | T\u00e9l\u00e9 Qu\u00e9bec - <small><strong>2021-03-29 12:00<\/strong><\/small><\/p>\r\n\t\t\t<p><em><article class=\"emissionAccueil\">Vendre sa maison avec courtier, avec service d\u2019accompagnement ou sans aide? R\u00e9capitulatif de toutes les m\u00e9thodes. C\u00f4t\u00e9 design, qu\u2019est-ce qui passe l\u2019\u00e9preuve du temps? Peut-on \u00e9viter les pi\u00e8ges de la mode lorsqu\u2019on entreprend des r\u00e9novations?<\/article>\n<div class=\"floatContainer reportagesAccueil\"><\/div>\n<\/em><\/p>\r\n\t\t\t<p><a href=\"https:\/\/cavautlecout.telequebec.tv\/emissions\/108\/vendre-sa-maison-de-trois-facons-design-indemodable\" target=\"_blank\" rel=\"noopener\">Voir l'int\u00e9gralit\u00e9 de l'article<\/a><\/p>\r\n\t\t<\/td>\r\n\t\t<td style=\"border-width:0px;\">\r\n\t\t\t<p><\/p>\r\n\t\t<\/td>\r\n\t<\/tr>\r\n<\/table>\r\n\r\n<hr \/><h2>Le prix m\u00e9dian des condos pr\u00e8s des stations de m\u00e9tro<\/h2>\r\n\r\n<table style=\"border-width:0px\">\r\n\r\n\t<tr>\r\n\t\t<td style=\"border-width:0px;width:98%;\">\r\n\t\t\t<p>Source : <img src=\"https:\/\/viacapitaledumontroyal.com\/wp-content\/uploads\/30x30-logo-la-presse-copy-e1626800724407.png\" style=\"margin-bottom:0px;\" \/> La Presse - <small><strong>2021-02-10 12:00<\/strong><\/small><\/p>\r\n\t\t\t<p><em><p>Pr\u00e8s de quelle station de m\u00e9tro pourriez-vous acheter un condo \u00e0 Montr\u00e9al avec 350 000 $ ? Pour mieux guider les acheteurs, une courti\u00e8re immobili\u00e8re a cr\u00e9\u00e9 une carte unique en son genre.<\/p>\n<\/em><\/p>\r\n\t\t\t<p><a href=\"https:\/\/www.lapresse.ca\/maison\/immobilier\/2021-02-10\/le-prix-median-des-condos-pres-des-stations-de-metro.php?fbclid=IwAR1hbhj4aa6JpAqpeQ03l2aPiHwfKBYWDG6l0bZqf6o4CGZMJyD5aXX95j8\" target=\"_blank\" rel=\"noopener\">Voir l'int\u00e9gralit\u00e9 de l'article<\/a><\/p>\r\n\t\t<\/td>\r\n\t\t<td style=\"border-width:0px;\">\r\n\t\t\t<p><\/p>\r\n\t\t<\/td>\r\n\t<\/tr>\r\n<\/table>\r\n\r\n<hr \/><h2>Nathalie Cl\u00e9ment dans 8 \u00e9missions de MAtv<\/h2>\r\n\r\n<table style=\"border-width:0px\">\r\n\r\n\t<tr>\r\n\t\t<td style=\"border-width:0px;width:98%;\">\r\n\t\t\t<p>Source : <img src=\"https:\/\/viacapitaledumontroyal.com\/wp-content\/uploads\/MAtv-logo-137x30-1.jpg\" style=\"margin-bottom:0px;\" \/> MAtv \"\u00c9missions\" - <small><strong>2021-01-01 12:00<\/strong><\/small><\/p>\r\n\t\t\t<p><em><p>8 \u00e9missions de MAtv sur l&#8217;immobilier o\u00f9 vous pourrez acc\u00e9der plusieurs interviews de Nathalie Cl\u00e9ment directrice de Via Capital Mont-Royal.<\/p>\n<\/em><\/p>\r\n\t\t\t<p><a href=\"https:\/\/matv.ca\/montreal\/search?q=nathalie%20cl%C3%A9ment\" target=\"_blank\" rel=\"noopener\">Voir l'int\u00e9gralit\u00e9 de l'article<\/a><\/p>\r\n\t\t<\/td>\r\n\t\t<td style=\"border-width:0px;\">\r\n\t\t\t<p><\/p>\r\n\t\t<\/td>\r\n\t<\/tr>\r\n<\/table>\r\n\r\n<hr \/><h2>Un cottage bien pens\u00e9 dans le Plateau La Presse<\/h2>\r\n\r\n<table style=\"border-width:0px\">\r\n\r\n\t<tr>\r\n\t\t<td style=\"border-width:0px;width:98%;\">\r\n\t\t\t<p>Source : <img src=\"https:\/\/viacapitaledumontroyal.com\/wp-content\/uploads\/30x30-logo-la-presse-copy-e1626800724407.png\" style=\"margin-bottom:0px;\" \/> La Presse - <small><strong>2020-12-30 12:00<\/strong><\/small><\/p>\r\n\t\t\t<p><em><p><span>Les anciens duplex convertis en maison unifamiliale sont devenus chose courante dans les quartiers centraux de Montr\u00e9al. Mais plus rares sont celles qui sont con\u00e7ues avec un tel souci de fonctionnalit\u00e9 et d\u2019intemporalit\u00e9.<\/span><\/p>\n<\/em><\/p>\r\n\t\t\t<p><a href=\"https:\/\/www.lapresse.ca\/maison\/immobilier\/2020-12-30\/le-tour-du-proprietaire\/un-cottage-bien-pense-dans-le-plateau.php\" target=\"_blank\" rel=\"noopener\">Voir l'int\u00e9gralit\u00e9 de l'article<\/a><\/p>\r\n\t\t<\/td>\r\n\t\t<td style=\"border-width:0px;\">\r\n\t\t\t<p><\/p>\r\n\t\t<\/td>\r\n\t<\/tr>\r\n<\/table>\r\n\r\n<hr \/><span class=\"pods-pagination-advanced \">\n\t\n\t<span class=\"pods-pagination-number pods-pagination-current \">1<\/span>\n\n\t\t\t\t<a href=\"\/en\/wp-json\/wp\/v2\/pages\/10850?pg=2\" class=\"pods-pagination-number pods-pagination-2 \">2<\/a>\n\t\t\t\t\t\t<a href=\"\/en\/wp-json\/wp\/v2\/pages\/10850?pg=3\" class=\"pods-pagination-number pods-pagination-3 \">3<\/a>\n\t\t\t\t\t<a href=\"\/en\/wp-json\/wp\/v2\/pages\/10850?pg=8\" class=\"pods-pagination-number pods-pagination-last pods-pagination-8 \">8<\/a>\n\t\t\t\t\t<a href=\"\/en\/wp-json\/wp\/v2\/pages\/10850?pg=2\" class=\"pods-pagination-label pods-pagination-next \">Next &rsaquo;<\/a>\n\t\t\t\t\t\t\t<a href=\"\/en\/wp-json\/wp\/v2\/pages\/10850?pg=8\" class=\"pods-pagination-label pods-pagination-last \">Last &raquo;<\/a>\n\t\t\t\t\n<\/span>\n[\/vc_column_text][\/vc_column][vc_column width=&#8221;1\/3&#8243;][vc_wp_tagcloud taxonomy=&#8221;news_media_tag&#8221;][\/vc_column][\/vc_row]<\/p>\n","protected":false},"excerpt":{"rendered":"<p>[vc_row][vc_column][vc_single_image image=&#8221;10864&#8243; img_size=&#8221;full&#8221; alignment=&#8221;center&#8221;][\/vc_column][\/vc_row][vc_row][vc_column][vc_column_text] They talk about us Via Capitale du Mont-Royal is frequently solicited by the media for its knowledge of&#8230;<\/p>\n","protected":false},"author":321,"featured_media":0,"parent":0,"menu_order":0,"comment_status":"closed","ping_status":"closed","template":"","meta":[],"yoast_head":"<!-- This site is optimized with the Yoast SEO plugin v19.13 - https:\/\/yoast.com\/wordpress\/plugins\/seo\/ -->\n<title>Via Capitale du Mont-Royal in the media | Via Capitale Mont-Royal<\/title>\n<meta name=\"description\" content=\"Via Capitale du Mont-Royal is frequently solicited by the media for its knowledge of the local real estate market.\" \/>\n<meta name=\"robots\" content=\"index, follow, max-snippet:-1, max-image-preview:large, max-video-preview:-1\" \/>\n<link rel=\"canonical\" href=\"https:\/\/viacapitaledumontroyal.com\/en\/news-media-en\/\" \/>\n<meta property=\"og:locale\" content=\"en_US\" \/>\n<meta property=\"og:type\" content=\"article\" \/>\n<meta property=\"og:title\" content=\"Via Capitale du Mont-Royal in the media | Via Capitale Mont-Royal\" \/>\n<meta property=\"og:description\" content=\"Via Capitale du Mont-Royal is frequently solicited by the media for its knowledge of the local real estate market.\" \/>\n<meta property=\"og:url\" content=\"https:\/\/viacapitaledumontroyal.com\/en\/news-media-en\/\" \/>\n<meta property=\"og:site_name\" content=\"Via Capitale du Mont-Royal\" \/>\n<meta property=\"article:publisher\" content=\"https:\/\/www.facebook.com\/ViaCapitaleMontRoyal\" \/>\n<meta property=\"article:modified_time\" content=\"2021-05-20T20:35:46+00:00\" \/>\n<meta name=\"twitter:label1\" content=\"Est. reading time\" \/>\n\t<meta name=\"twitter:data1\" content=\"1 minute\" \/>\n<script type=\"application\/ld+json\" class=\"yoast-schema-graph\">{\"@context\":\"https:\/\/schema.org\",\"@graph\":[{\"@type\":\"WebPage\",\"@id\":\"https:\/\/viacapitaledumontroyal.com\/en\/news-media-en\/\",\"url\":\"https:\/\/viacapitaledumontroyal.com\/en\/news-media-en\/\",\"name\":\"Via Capitale du Mont-Royal in the media | Via Capitale Mont-Royal\",\"isPartOf\":{\"@id\":\"https:\/\/viacapitaledumontroyal.com\/#website\"},\"datePublished\":\"2021-05-13T15:19:51+00:00\",\"dateModified\":\"2021-05-20T20:35:46+00:00\",\"description\":\"Via Capitale du Mont-Royal is frequently solicited by the media for its knowledge of the local real estate market.\",\"breadcrumb\":{\"@id\":\"https:\/\/viacapitaledumontroyal.com\/en\/news-media-en\/#breadcrumb\"},\"inLanguage\":\"en-US\",\"potentialAction\":[{\"@type\":\"ReadAction\",\"target\":[\"https:\/\/viacapitaledumontroyal.com\/en\/news-media-en\/\"]}]},{\"@type\":\"BreadcrumbList\",\"@id\":\"https:\/\/viacapitaledumontroyal.com\/en\/news-media-en\/#breadcrumb\",\"itemListElement\":[{\"@type\":\"ListItem\",\"position\":1,\"name\":\"Accueil\",\"item\":\"https:\/\/viacapitaledumontroyal.com\/en\/\"},{\"@type\":\"ListItem\",\"position\":2,\"name\":\"News &#038; Media\"}]},{\"@type\":\"WebSite\",\"@id\":\"https:\/\/viacapitaledumontroyal.com\/#website\",\"url\":\"https:\/\/viacapitaledumontroyal.com\/\",\"name\":\"Via Capitale du Mont-Royal\",\"description\":\"\",\"potentialAction\":[{\"@type\":\"SearchAction\",\"target\":{\"@type\":\"EntryPoint\",\"urlTemplate\":\"https:\/\/viacapitaledumontroyal.com\/?s={search_term_string}\"},\"query-input\":\"required name=search_term_string\"}],\"inLanguage\":\"en-US\"}]}<\/script>\n<!-- \/ Yoast SEO plugin. -->","yoast_head_json":{"title":"Via Capitale du Mont-Royal in the media | Via Capitale Mont-Royal","description":"Via Capitale du Mont-Royal is frequently solicited by the media for its knowledge of the local real estate market.","robots":{"index":"index","follow":"follow","max-snippet":"max-snippet:-1","max-image-preview":"max-image-preview:large","max-video-preview":"max-video-preview:-1"},"canonical":"https:\/\/viacapitaledumontroyal.com\/en\/news-media-en\/","og_locale":"en_US","og_type":"article","og_title":"Via Capitale du Mont-Royal in the media | Via Capitale Mont-Royal","og_description":"Via Capitale du Mont-Royal is frequently solicited by the media for its knowledge of the local real estate market.","og_url":"https:\/\/viacapitaledumontroyal.com\/en\/news-media-en\/","og_site_name":"Via Capitale du Mont-Royal","article_publisher":"https:\/\/www.facebook.com\/ViaCapitaleMontRoyal","article_modified_time":"2021-05-20T20:35:46+00:00","twitter_misc":{"Est. reading time":"1 minute"},"schema":{"@context":"https:\/\/schema.org","@graph":[{"@type":"WebPage","@id":"https:\/\/viacapitaledumontroyal.com\/en\/news-media-en\/","url":"https:\/\/viacapitaledumontroyal.com\/en\/news-media-en\/","name":"Via Capitale du Mont-Royal in the media | Via Capitale Mont-Royal","isPartOf":{"@id":"https:\/\/viacapitaledumontroyal.com\/#website"},"datePublished":"2021-05-13T15:19:51+00:00","dateModified":"2021-05-20T20:35:46+00:00","description":"Via Capitale du Mont-Royal is frequently solicited by the media for its knowledge of the local real estate market.","breadcrumb":{"@id":"https:\/\/viacapitaledumontroyal.com\/en\/news-media-en\/#breadcrumb"},"inLanguage":"en-US","potentialAction":[{"@type":"ReadAction","target":["https:\/\/viacapitaledumontroyal.com\/en\/news-media-en\/"]}]},{"@type":"BreadcrumbList","@id":"https:\/\/viacapitaledumontroyal.com\/en\/news-media-en\/#breadcrumb","itemListElement":[{"@type":"ListItem","position":1,"name":"Accueil","item":"https:\/\/viacapitaledumontroyal.com\/en\/"},{"@type":"ListItem","position":2,"name":"News &#038; Media"}]},{"@type":"WebSite","@id":"https:\/\/viacapitaledumontroyal.com\/#website","url":"https:\/\/viacapitaledumontroyal.com\/","name":"Via Capitale du Mont-Royal","description":"","potentialAction":[{"@type":"SearchAction","target":{"@type":"EntryPoint","urlTemplate":"https:\/\/viacapitaledumontroyal.com\/?s={search_term_string}"},"query-input":"required name=search_term_string"}],"inLanguage":"en-US"}]}},"_links":{"self":[{"href":"https:\/\/viacapitaledumontroyal.com\/en\/wp-json\/wp\/v2\/pages\/10850"}],"collection":[{"href":"https:\/\/viacapitaledumontroyal.com\/en\/wp-json\/wp\/v2\/pages"}],"about":[{"href":"https:\/\/viacapitaledumontroyal.com\/en\/wp-json\/wp\/v2\/types\/page"}],"author":[{"embeddable":true,"href":"https:\/\/viacapitaledumontroyal.com\/en\/wp-json\/wp\/v2\/users\/321"}],"replies":[{"embeddable":true,"href":"https:\/\/viacapitaledumontroyal.com\/en\/wp-json\/wp\/v2\/comments?post=10850"}],"version-history":[{"count":0,"href":"https:\/\/viacapitaledumontroyal.com\/en\/wp-json\/wp\/v2\/pages\/10850\/revisions"}],"wp:attachment":[{"href":"https:\/\/viacapitaledumontroyal.com\/en\/wp-json\/wp\/v2\/media?parent=10850"}],"curies":[{"name":"wp","href":"https:\/\/api.w.org\/{rel}","templated":true}]}}