{"id":3967,"date":"2018-03-15T15:34:36","date_gmt":"2018-03-15T20:34:36","guid":{"rendered":"https:\/\/viacapitaledumontroyal.com\/?page_id=3967\/"},"modified":"2022-08-30T12:09:09","modified_gmt":"2022-08-30T16:09:09","slug":"our-sales-strategies","status":"publish","type":"page","link":"https:\/\/viacapitaledumontroyal.com\/en\/our-sales-strategies\/","title":{"rendered":"Our Sales Strategies"},"content":{"rendered":"<p>[vc_row][vc_column][vc_column_text]<\/p>\n<h2><b>A multitude of sales strategies, according to your real estate needs!<\/b><\/h2>\n<ul>\n<li><span style=\"font-weight: 400;\">Photos taken by a professional<\/span><\/li>\n<li><span style=\"font-weight: 400;\">Promotional video<\/span><\/li>\n<li><span style=\"font-weight: 400;\">Publicity (magazine, social networks, traditional advertisement)<\/span><\/li>\n<li><span style=\"font-weight: 400;\">Home staging<\/span><\/li>\n<li><span style=\"font-weight: 400;\">And more!<\/span><\/li>\n<\/ul>\n\n\t\t<style type=\"text\/css\">\n\t\t\t#gallery-1 {\n\t\t\t\tmargin: auto;\n\t\t\t}\n\t\t\t#gallery-1 .gallery-item {\n\t\t\t\tfloat: left;\n\t\t\t\tmargin-top: 10px;\n\t\t\t\ttext-align: center;\n\t\t\t\twidth: 33%;\n\t\t\t}\n\t\t\t#gallery-1 img {\n\t\t\t\tborder: 2px solid #cfcfcf;\n\t\t\t}\n\t\t\t#gallery-1 .gallery-caption {\n\t\t\t\tmargin-left: 0;\n\t\t\t}\n\t\t\t\/* see gallery_shortcode() in wp-includes\/media.php *\/\n\t\t<\/style>\n\t\t<div id='gallery-1' class='gallery galleryid-3967 gallery-columns-3 gallery-size-full'><dl class='gallery-item'>\n\t\t\t<dt class='gallery-icon landscape'>\n\t\t\t\t<img width=\"266\" height=\"266\" src=\"https:\/\/viacapitaledumontroyal.com\/wp-content\/uploads\/outils-web.png\" class=\"attachment-full size-full\" alt=\"Site web de l&#039;agence immobili\u00e8re Via Capitale du Mont-Royal sur diff\u00e9rents supports num\u00e9riques\" decoding=\"async\" loading=\"lazy\" srcset=\"https:\/\/viacapitaledumontroyal.com\/wp-content\/uploads\/outils-web.png 266w, https:\/\/viacapitaledumontroyal.com\/wp-content\/uploads\/outils-web-150x150.png 150w\" sizes=\"(max-width: 266px) 100vw, 266px\" \/>\n\t\t\t<\/dt><\/dl><dl class='gallery-item'>\n\t\t\t<dt class='gallery-icon landscape'>\n\t\t\t\t<img width=\"266\" height=\"266\" src=\"https:\/\/viacapitaledumontroyal.com\/wp-content\/uploads\/strategies-vente-image-web.png\" class=\"attachment-full size-full\" alt=\"Image ou l&#039;on peut lire &quot;Vous avez l&#039;art de vivre, nous avons l&#039;art de vendre&quot;.\" decoding=\"async\" loading=\"lazy\" srcset=\"https:\/\/viacapitaledumontroyal.com\/wp-content\/uploads\/strategies-vente-image-web.png 266w, https:\/\/viacapitaledumontroyal.com\/wp-content\/uploads\/strategies-vente-image-web-150x150.png 150w\" sizes=\"(max-width: 266px) 100vw, 266px\" \/>\n\t\t\t<\/dt><\/dl><dl class='gallery-item'>\n\t\t\t<dt class='gallery-icon landscape'>\n\t\t\t\t<img width=\"266\" height=\"266\" src=\"https:\/\/viacapitaledumontroyal.com\/wp-content\/uploads\/VR-image-web.png\" class=\"attachment-full size-full\" alt=\"Jeune fille qui porte un masque de r\u00e9alit\u00e9 virtuelle\" decoding=\"async\" loading=\"lazy\" srcset=\"https:\/\/viacapitaledumontroyal.com\/wp-content\/uploads\/VR-image-web.png 266w, https:\/\/viacapitaledumontroyal.com\/wp-content\/uploads\/VR-image-web-150x150.png 150w\" sizes=\"(max-width: 266px) 100vw, 266px\" \/>\n\t\t\t<\/dt><\/dl><br style=\"clear: both\" \/>\n\t\t<\/div>\n\n<p><span style=\"font-weight: 400;\">For some time now, we have been integrating virtual tours to our services thanks to the \u00a0<\/span><a target=\"_blank\" href=\"https:\/\/matterport.com\/\" rel=\"noopener\"><span style=\"font-weight: 400;\">Matterport 3D technology<\/span><\/a><span style=\"font-weight: 400;\">. This system allows us to create a totally immersive experience to explore properties that are at the blueprint stage or already built. Customers can visit and discover properties in a 3D and 360-degree visualization, as if they were there in person, and this 24\/7! Clients have the opportunity to view properties from the comfort of their homes, simply by accessing the web on their devices. They can also visit our offices which are fully equipped for an optimal virtual reality experience. According to REA Group, a leader specialized in the online real estate market, there&#8217;s a 95% probability that a buyer who saw a property via Matterport 3D will follow up with a phone call to the real estate agent.<\/span><\/p>\n<p><span style=\"font-weight: 400;\">You master the art of living; we master the art of selling!<\/span><\/p>\n<p><a href=\"https:\/\/viacapitaledumontroyal.com\/en\/contact\/\"><span style=\"font-weight: 400;\">Contact us<\/span><\/a><span style=\"font-weight: 400;\"> today for an effective sales approach tailored just for you.<\/span>[\/vc_column_text][\/vc_column][\/vc_row]<\/p>\n","protected":false},"excerpt":{"rendered":"<p>[vc_row][vc_column][vc_column_text] A multitude of sales strategies, according to your real estate needs! Photos taken by a professional Promotional video Publicity (magazine, social&#8230;<\/p>\n","protected":false},"author":321,"featured_media":0,"parent":0,"menu_order":6,"comment_status":"closed","ping_status":"closed","template":"page_no_sidebar.php","meta":[],"yoast_head":"<!-- This site is optimized with the Yoast SEO plugin v19.13 - https:\/\/yoast.com\/wordpress\/plugins\/seo\/ -->\n<title>Our Sales Strategies - Via Capitale du Mont-Royal<\/title>\n<meta name=\"description\" content=\"A multitude of sales strategies, according to your real estate needs! Photos, video, traditional publicity, web publicity, Home staging and more !\" \/>\n<meta name=\"robots\" content=\"index, follow, max-snippet:-1, max-image-preview:large, max-video-preview:-1\" \/>\n<link rel=\"canonical\" href=\"https:\/\/viacapitaledumontroyal.com\/strategies-de-vente\/\" \/>\n<meta property=\"og:locale\" content=\"en_US\" \/>\n<meta property=\"og:type\" content=\"article\" \/>\n<meta property=\"og:title\" content=\"Our Sales Strategies - Via Capitale du Mont-Royal\" \/>\n<meta property=\"og:description\" content=\"A multitude of sales strategies, according to your real estate needs! Photos, video, traditional publicity, web publicity, Home staging and more !\" \/>\n<meta property=\"og:url\" content=\"https:\/\/viacapitaledumontroyal.com\/strategies-de-vente\/\" \/>\n<meta property=\"og:site_name\" content=\"Via Capitale du Mont-Royal\" \/>\n<meta property=\"article:publisher\" content=\"https:\/\/www.facebook.com\/ViaCapitaleMontRoyal\" \/>\n<meta property=\"article:modified_time\" content=\"2022-08-30T16:09:09+00:00\" \/>\n<meta property=\"og:image\" content=\"https:\/\/viacapitaledumontroyal.com\/wp-content\/uploads\/outils-web.png\" \/>\n<meta name=\"twitter:label1\" content=\"Est. reading time\" \/>\n\t<meta name=\"twitter:data1\" content=\"2 minutes\" \/>\n<script type=\"application\/ld+json\" class=\"yoast-schema-graph\">{\"@context\":\"https:\/\/schema.org\",\"@graph\":[{\"@type\":\"WebPage\",\"@id\":\"https:\/\/viacapitaledumontroyal.com\/strategies-de-vente\/\",\"url\":\"https:\/\/viacapitaledumontroyal.com\/strategies-de-vente\/\",\"name\":\"Our Sales Strategies - Via Capitale du Mont-Royal\",\"isPartOf\":{\"@id\":\"https:\/\/viacapitaledumontroyal.com\/#website\"},\"datePublished\":\"2018-03-15T20:34:36+00:00\",\"dateModified\":\"2022-08-30T16:09:09+00:00\",\"description\":\"A multitude of sales strategies, according to your real estate needs! Photos, video, traditional publicity, web publicity, Home staging and more !\",\"breadcrumb\":{\"@id\":\"https:\/\/viacapitaledumontroyal.com\/strategies-de-vente\/#breadcrumb\"},\"inLanguage\":\"en-US\",\"potentialAction\":[{\"@type\":\"ReadAction\",\"target\":[\"https:\/\/viacapitaledumontroyal.com\/strategies-de-vente\/\"]}]},{\"@type\":\"BreadcrumbList\",\"@id\":\"https:\/\/viacapitaledumontroyal.com\/strategies-de-vente\/#breadcrumb\",\"itemListElement\":[{\"@type\":\"ListItem\",\"position\":1,\"name\":\"Accueil\",\"item\":\"https:\/\/viacapitaledumontroyal.com\/en\/\"},{\"@type\":\"ListItem\",\"position\":2,\"name\":\"Our Sales Strategies\"}]},{\"@type\":\"WebSite\",\"@id\":\"https:\/\/viacapitaledumontroyal.com\/#website\",\"url\":\"https:\/\/viacapitaledumontroyal.com\/\",\"name\":\"Via Capitale du Mont-Royal\",\"description\":\"\",\"potentialAction\":[{\"@type\":\"SearchAction\",\"target\":{\"@type\":\"EntryPoint\",\"urlTemplate\":\"https:\/\/viacapitaledumontroyal.com\/?s={search_term_string}\"},\"query-input\":\"required name=search_term_string\"}],\"inLanguage\":\"en-US\"}]}<\/script>\n<!-- \/ Yoast SEO plugin. -->","yoast_head_json":{"title":"Our Sales Strategies - Via Capitale du Mont-Royal","description":"A multitude of sales strategies, according to your real estate needs! Photos, video, traditional publicity, web publicity, Home staging and more !","robots":{"index":"index","follow":"follow","max-snippet":"max-snippet:-1","max-image-preview":"max-image-preview:large","max-video-preview":"max-video-preview:-1"},"canonical":"https:\/\/viacapitaledumontroyal.com\/strategies-de-vente\/","og_locale":"en_US","og_type":"article","og_title":"Our Sales Strategies - Via Capitale du Mont-Royal","og_description":"A multitude of sales strategies, according to your real estate needs! Photos, video, traditional publicity, web publicity, Home staging and more !","og_url":"https:\/\/viacapitaledumontroyal.com\/strategies-de-vente\/","og_site_name":"Via Capitale du Mont-Royal","article_publisher":"https:\/\/www.facebook.com\/ViaCapitaleMontRoyal","article_modified_time":"2022-08-30T16:09:09+00:00","og_image":[{"url":"https:\/\/viacapitaledumontroyal.com\/wp-content\/uploads\/outils-web.png"}],"twitter_misc":{"Est. reading time":"2 minutes"},"schema":{"@context":"https:\/\/schema.org","@graph":[{"@type":"WebPage","@id":"https:\/\/viacapitaledumontroyal.com\/strategies-de-vente\/","url":"https:\/\/viacapitaledumontroyal.com\/strategies-de-vente\/","name":"Our Sales Strategies - Via Capitale du Mont-Royal","isPartOf":{"@id":"https:\/\/viacapitaledumontroyal.com\/#website"},"datePublished":"2018-03-15T20:34:36+00:00","dateModified":"2022-08-30T16:09:09+00:00","description":"A multitude of sales strategies, according to your real estate needs! Photos, video, traditional publicity, web publicity, Home staging and more !","breadcrumb":{"@id":"https:\/\/viacapitaledumontroyal.com\/strategies-de-vente\/#breadcrumb"},"inLanguage":"en-US","potentialAction":[{"@type":"ReadAction","target":["https:\/\/viacapitaledumontroyal.com\/strategies-de-vente\/"]}]},{"@type":"BreadcrumbList","@id":"https:\/\/viacapitaledumontroyal.com\/strategies-de-vente\/#breadcrumb","itemListElement":[{"@type":"ListItem","position":1,"name":"Accueil","item":"https:\/\/viacapitaledumontroyal.com\/en\/"},{"@type":"ListItem","position":2,"name":"Our Sales Strategies"}]},{"@type":"WebSite","@id":"https:\/\/viacapitaledumontroyal.com\/#website","url":"https:\/\/viacapitaledumontroyal.com\/","name":"Via Capitale du Mont-Royal","description":"","potentialAction":[{"@type":"SearchAction","target":{"@type":"EntryPoint","urlTemplate":"https:\/\/viacapitaledumontroyal.com\/?s={search_term_string}"},"query-input":"required name=search_term_string"}],"inLanguage":"en-US"}]}},"_links":{"self":[{"href":"https:\/\/viacapitaledumontroyal.com\/en\/wp-json\/wp\/v2\/pages\/3967"}],"collection":[{"href":"https:\/\/viacapitaledumontroyal.com\/en\/wp-json\/wp\/v2\/pages"}],"about":[{"href":"https:\/\/viacapitaledumontroyal.com\/en\/wp-json\/wp\/v2\/types\/page"}],"author":[{"embeddable":true,"href":"https:\/\/viacapitaledumontroyal.com\/en\/wp-json\/wp\/v2\/users\/321"}],"replies":[{"embeddable":true,"href":"https:\/\/viacapitaledumontroyal.com\/en\/wp-json\/wp\/v2\/comments?post=3967"}],"version-history":[{"count":4,"href":"https:\/\/viacapitaledumontroyal.com\/en\/wp-json\/wp\/v2\/pages\/3967\/revisions"}],"predecessor-version":[{"id":14025,"href":"https:\/\/viacapitaledumontroyal.com\/en\/wp-json\/wp\/v2\/pages\/3967\/revisions\/14025"}],"wp:attachment":[{"href":"https:\/\/viacapitaledumontroyal.com\/en\/wp-json\/wp\/v2\/media?parent=3967"}],"curies":[{"name":"wp","href":"https:\/\/api.w.org\/{rel}","templated":true}]}}