{"id":4494,"date":"2018-11-01T13:53:22","date_gmt":"2018-11-01T18:53:22","guid":{"rendered":"http:\/\/stage.viacapitaledumontroyal.com\/?page_id=4494\/"},"modified":"2023-05-10T14:38:20","modified_gmt":"2023-05-10T18:38:20","slug":"brokers","status":"publish","type":"page","link":"https:\/\/viacapitaledumontroyal.com\/en\/brokers\/","title":{"rendered":"Our Brokers"},"content":{"rendered":"<p>[vc_row full_width=&#8221;stretch_row&#8221;][vc_column]\n\t\t\t<section class=\"imagebg parallax \" data-overlay=\"3\" >\n\t\t\t\t<div class=\"background-image-holder\"><img width=\"1200\" height=\"800\" src=\"https:\/\/viacapitaledumontroyal.com\/wp-content\/uploads\/VC-Agence-immobiliere-Via-Capitale-Photos-Maurice-Nantel0033.jpg\" class=\"attachment-full size-full\" alt=\"Fontaine d&#039;eau d&#039;un parc de Montr\u00e9al en \u00e9t\u00e9\" decoding=\"async\" loading=\"lazy\" srcset=\"https:\/\/viacapitaledumontroyal.com\/wp-content\/uploads\/VC-Agence-immobiliere-Via-Capitale-Photos-Maurice-Nantel0033.jpg 1200w, https:\/\/viacapitaledumontroyal.com\/wp-content\/uploads\/VC-Agence-immobiliere-Via-Capitale-Photos-Maurice-Nantel0033-300x200.jpg 300w, https:\/\/viacapitaledumontroyal.com\/wp-content\/uploads\/VC-Agence-immobiliere-Via-Capitale-Photos-Maurice-Nantel0033-768x512.jpg 768w, https:\/\/viacapitaledumontroyal.com\/wp-content\/uploads\/VC-Agence-immobiliere-Via-Capitale-Photos-Maurice-Nantel0033-1024x683.jpg 1024w\" sizes=\"(max-width: 1200px) 100vw, 1200px\" \/><\/div>\n\t\t\t\t<div class=\"container\">\n\t\t\t\t\t<div class=\"row\">\n\t\t\t\t\t\t<div class=\"col-sm-12\">\n\t\t\t\t\t\t\t<div class=\"cta\">\n\t\t\t\t\t\t\t\t[vc_column_text]<\/p>\n<h1>Our Team<\/h1>\n<p class=\"lead\"><span>More than 25 years.<\/span><\/p>\n<hr class=\"short\" \/>\n<p><span>Join our winning team!<\/span>[\/vc_column_text]\n\t\t\t\t\t\t\t<\/div>\n\t\t\t\t\t\t<\/div>\n\t\t\t\t\t<\/div><!--end of row-->\n\t\t\t\t<\/div><!--end of container-->\n\t\t\t\t\n\t\t\t<\/section>\n\t\t[\/vc_column][\/vc_row][vc_row][vc_column][vc_empty_space height=&#8221;45px&#8221;][\/vc_column][\/vc_row][vc_row][vc_column][vc_raw_html]JTVCc2klMjBhbGlhcyUzRCUyMmJyb2tlcnMtYWxsJTIyJTVE[\/vc_raw_html][\/vc_column][\/vc_row]<\/p>\n","protected":false},"excerpt":{"rendered":"<p>[vc_row full_width=&#8221;stretch_row&#8221;][vc_column][\/vc_column][\/vc_row][vc_row][vc_column][vc_empty_space height=&#8221;45px&#8221;][\/vc_column][\/vc_row][vc_row][vc_column][vc_raw_html]JTVCc2klMjBhbGlhcyUzRCUyMmJyb2tlcnMtYWxsJTIyJTVE[\/vc_raw_html][\/vc_column][\/vc_row]<\/p>\n","protected":false},"author":321,"featured_media":0,"parent":0,"menu_order":7,"comment_status":"closed","ping_status":"closed","template":"page_no_sidebar.php","meta":[],"yoast_head":"<!-- This site is optimized with the Yoast SEO plugin v19.13 - https:\/\/yoast.com\/wordpress\/plugins\/seo\/ -->\n<title>Our Brokers - Via Capitale du Mont-Royal<\/title>\n<meta name=\"description\" content=\"Our team of brokers are selected for their integrity, professionalism and social conscience. Our first concern: the customer.\" \/>\n<meta name=\"robots\" content=\"index, follow, max-snippet:-1, max-image-preview:large, max-video-preview:-1\" \/>\n<link rel=\"canonical\" href=\"https:\/\/viacapitaledumontroyal.com\/en\/brokers\/\" \/>\n<meta property=\"og:locale\" content=\"en_US\" \/>\n<meta property=\"og:type\" content=\"article\" \/>\n<meta property=\"og:title\" content=\"Our Brokers - Via Capitale du Mont-Royal\" \/>\n<meta property=\"og:description\" content=\"Our team of brokers are selected for their integrity, professionalism and social conscience. Our first concern: the customer.\" \/>\n<meta property=\"og:url\" content=\"https:\/\/viacapitaledumontroyal.com\/en\/brokers\/\" \/>\n<meta property=\"og:site_name\" content=\"Via Capitale du Mont-Royal\" \/>\n<meta property=\"article:publisher\" content=\"https:\/\/www.facebook.com\/ViaCapitaleMontRoyal\" \/>\n<meta property=\"article:modified_time\" content=\"2023-05-10T18:38:20+00:00\" \/>\n<meta name=\"twitter:label1\" content=\"Est. reading time\" \/>\n\t<meta name=\"twitter:data1\" content=\"1 minute\" \/>\n<script type=\"application\/ld+json\" class=\"yoast-schema-graph\">{\"@context\":\"https:\/\/schema.org\",\"@graph\":[{\"@type\":\"WebPage\",\"@id\":\"https:\/\/viacapitaledumontroyal.com\/en\/brokers\/\",\"url\":\"https:\/\/viacapitaledumontroyal.com\/en\/brokers\/\",\"name\":\"Our Brokers - Via Capitale du Mont-Royal\",\"isPartOf\":{\"@id\":\"https:\/\/viacapitaledumontroyal.com\/#website\"},\"datePublished\":\"2018-11-01T18:53:22+00:00\",\"dateModified\":\"2023-05-10T18:38:20+00:00\",\"description\":\"Our team of brokers are selected for their integrity, professionalism and social conscience. Our first concern: the customer.\",\"breadcrumb\":{\"@id\":\"https:\/\/viacapitaledumontroyal.com\/en\/brokers\/#breadcrumb\"},\"inLanguage\":\"en-US\",\"potentialAction\":[{\"@type\":\"ReadAction\",\"target\":[\"https:\/\/viacapitaledumontroyal.com\/en\/brokers\/\"]}]},{\"@type\":\"BreadcrumbList\",\"@id\":\"https:\/\/viacapitaledumontroyal.com\/en\/brokers\/#breadcrumb\",\"itemListElement\":[{\"@type\":\"ListItem\",\"position\":1,\"name\":\"Accueil\",\"item\":\"https:\/\/viacapitaledumontroyal.com\/en\/\"},{\"@type\":\"ListItem\",\"position\":2,\"name\":\"Our Brokers\"}]},{\"@type\":\"WebSite\",\"@id\":\"https:\/\/viacapitaledumontroyal.com\/#website\",\"url\":\"https:\/\/viacapitaledumontroyal.com\/\",\"name\":\"Via Capitale du Mont-Royal\",\"description\":\"\",\"potentialAction\":[{\"@type\":\"SearchAction\",\"target\":{\"@type\":\"EntryPoint\",\"urlTemplate\":\"https:\/\/viacapitaledumontroyal.com\/?s={search_term_string}\"},\"query-input\":\"required name=search_term_string\"}],\"inLanguage\":\"en-US\"}]}<\/script>\n<!-- \/ Yoast SEO plugin. -->","yoast_head_json":{"title":"Our Brokers - Via Capitale du Mont-Royal","description":"Our team of brokers are selected for their integrity, professionalism and social conscience. Our first concern: the customer.","robots":{"index":"index","follow":"follow","max-snippet":"max-snippet:-1","max-image-preview":"max-image-preview:large","max-video-preview":"max-video-preview:-1"},"canonical":"https:\/\/viacapitaledumontroyal.com\/en\/brokers\/","og_locale":"en_US","og_type":"article","og_title":"Our Brokers - Via Capitale du Mont-Royal","og_description":"Our team of brokers are selected for their integrity, professionalism and social conscience. Our first concern: the customer.","og_url":"https:\/\/viacapitaledumontroyal.com\/en\/brokers\/","og_site_name":"Via Capitale du Mont-Royal","article_publisher":"https:\/\/www.facebook.com\/ViaCapitaleMontRoyal","article_modified_time":"2023-05-10T18:38:20+00:00","twitter_misc":{"Est. reading time":"1 minute"},"schema":{"@context":"https:\/\/schema.org","@graph":[{"@type":"WebPage","@id":"https:\/\/viacapitaledumontroyal.com\/en\/brokers\/","url":"https:\/\/viacapitaledumontroyal.com\/en\/brokers\/","name":"Our Brokers - Via Capitale du Mont-Royal","isPartOf":{"@id":"https:\/\/viacapitaledumontroyal.com\/#website"},"datePublished":"2018-11-01T18:53:22+00:00","dateModified":"2023-05-10T18:38:20+00:00","description":"Our team of brokers are selected for their integrity, professionalism and social conscience. Our first concern: the customer.","breadcrumb":{"@id":"https:\/\/viacapitaledumontroyal.com\/en\/brokers\/#breadcrumb"},"inLanguage":"en-US","potentialAction":[{"@type":"ReadAction","target":["https:\/\/viacapitaledumontroyal.com\/en\/brokers\/"]}]},{"@type":"BreadcrumbList","@id":"https:\/\/viacapitaledumontroyal.com\/en\/brokers\/#breadcrumb","itemListElement":[{"@type":"ListItem","position":1,"name":"Accueil","item":"https:\/\/viacapitaledumontroyal.com\/en\/"},{"@type":"ListItem","position":2,"name":"Our Brokers"}]},{"@type":"WebSite","@id":"https:\/\/viacapitaledumontroyal.com\/#website","url":"https:\/\/viacapitaledumontroyal.com\/","name":"Via Capitale du Mont-Royal","description":"","potentialAction":[{"@type":"SearchAction","target":{"@type":"EntryPoint","urlTemplate":"https:\/\/viacapitaledumontroyal.com\/?s={search_term_string}"},"query-input":"required name=search_term_string"}],"inLanguage":"en-US"}]}},"_links":{"self":[{"href":"https:\/\/viacapitaledumontroyal.com\/en\/wp-json\/wp\/v2\/pages\/4494"}],"collection":[{"href":"https:\/\/viacapitaledumontroyal.com\/en\/wp-json\/wp\/v2\/pages"}],"about":[{"href":"https:\/\/viacapitaledumontroyal.com\/en\/wp-json\/wp\/v2\/types\/page"}],"author":[{"embeddable":true,"href":"https:\/\/viacapitaledumontroyal.com\/en\/wp-json\/wp\/v2\/users\/321"}],"replies":[{"embeddable":true,"href":"https:\/\/viacapitaledumontroyal.com\/en\/wp-json\/wp\/v2\/comments?post=4494"}],"version-history":[{"count":3,"href":"https:\/\/viacapitaledumontroyal.com\/en\/wp-json\/wp\/v2\/pages\/4494\/revisions"}],"predecessor-version":[{"id":15315,"href":"https:\/\/viacapitaledumontroyal.com\/en\/wp-json\/wp\/v2\/pages\/4494\/revisions\/15315"}],"wp:attachment":[{"href":"https:\/\/viacapitaledumontroyal.com\/en\/wp-json\/wp\/v2\/media?parent=4494"}],"curies":[{"name":"wp","href":"https:\/\/api.w.org\/{rel}","templated":true}]}}