{"id":5111,"date":"2019-01-11T17:18:38","date_gmt":"2019-01-11T22:18:38","guid":{"rendered":"http:\/\/stage.viacapitaledumontroyal.com\/?page_id=5111\/"},"modified":"2019-01-25T18:47:52","modified_gmt":"2019-01-25T23:47:52","slug":"terms-conditions-privacy-policy","status":"publish","type":"page","link":"https:\/\/viacapitaledumontroyal.com\/en\/terms-conditions-privacy-policy\/","title":{"rendered":"Terms &#038; conditions &#8211; Privacy Policy"},"content":{"rendered":"<p>[vc_row full_width=&#8221;stretch_row&#8221;][vc_column]\n\t\t\t<section class=\"imagebg parallax \" data-overlay=\"3\" >\n\t\t\t\t<div class=\"background-image-holder\"><img width=\"1200\" height=\"800\" src=\"https:\/\/viacapitaledumontroyal.com\/wp-content\/uploads\/VC-Agence-immobiliere-Via-Capitale-Photos-Maurice-Nantel0033.jpg\" class=\"attachment-full size-full\" alt=\"Fontaine d&#039;eau d&#039;un parc de Montr\u00e9al en \u00e9t\u00e9\" decoding=\"async\" loading=\"lazy\" srcset=\"https:\/\/viacapitaledumontroyal.com\/wp-content\/uploads\/VC-Agence-immobiliere-Via-Capitale-Photos-Maurice-Nantel0033.jpg 1200w, https:\/\/viacapitaledumontroyal.com\/wp-content\/uploads\/VC-Agence-immobiliere-Via-Capitale-Photos-Maurice-Nantel0033-300x200.jpg 300w, https:\/\/viacapitaledumontroyal.com\/wp-content\/uploads\/VC-Agence-immobiliere-Via-Capitale-Photos-Maurice-Nantel0033-768x512.jpg 768w, https:\/\/viacapitaledumontroyal.com\/wp-content\/uploads\/VC-Agence-immobiliere-Via-Capitale-Photos-Maurice-Nantel0033-1024x683.jpg 1024w\" sizes=\"(max-width: 1200px) 100vw, 1200px\" \/><\/div>\n\t\t\t\t<div class=\"container\">\n\t\t\t\t\t<div class=\"row\">\n\t\t\t\t\t\t<div class=\"col-sm-12\">\n\t\t\t\t\t\t\t<div class=\"cta\">\n\t\t\t\t\t\t\t\t[vc_column_text]<\/p>\n<h1>Terms & conditions<\/h1>\n<p>[\/vc_column_text]\n\t\t\t\t\t\t\t<\/div>\n\t\t\t\t\t\t<\/div>\n\t\t\t\t\t<\/div><!--end of row-->\n\t\t\t\t<\/div><!--end of container-->\n\t\t\t\t\n\t\t\t<\/section>\n\t\t[\/vc_column][\/vc_row][vc_row][vc_column][vc_empty_space height=&#8221;45px&#8221;][vc_column_text]<\/p>\n<h4 style=\"font-weight: 400;\"><strong>Consent<\/strong><\/h4>\n<p style=\"font-weight: 400;\">By completing the registration form, the user agrees to receive our electronic newsletter.<\/p>\n<p style=\"font-weight: 400;\">The information collected is not shared or distributed to third parties.<\/p>\n<p style=\"font-weight: 400;\"><strong>\u00a0<\/strong><\/p>\n<h4 style=\"font-weight: 400;\"><strong>Exclusion mechanism<\/strong><\/h4>\n<p style=\"font-weight: 400;\">The person who registers may at any time request to be removed from the mailing list by :<\/p>\n<ul>\n<li style=\"font-weight: 400;\">clicking on the unsubscribe me link<\/li>\n<li style=\"font-weight: 400;\">or by filling out an information request in the Contact Us section where you request that your data be removed from our list.<\/li>\n<\/ul>\n<p>[\/vc_column_text][vc_empty_space height=&#8221;45px&#8221;][\/vc_column][\/vc_row][vc_section css=&#8221;.vc_custom_1547246054165{padding-top: 15px !important;padding-bottom: 15px !important;background-color: #002d61 !important;}&#8221; ebor_docs=&#8221;&#8221;][vc_row][vc_column][vc_single_image image=&#8221;5106&#8243; img_size=&#8221;full&#8221; alignment=&#8221;center&#8221;][\/vc_column][\/vc_row][\/vc_section]<\/p>\n","protected":false},"excerpt":{"rendered":"<p>[vc_row full_width=&#8221;stretch_row&#8221;][vc_column][\/vc_column][\/vc_row][vc_row][vc_column][vc_empty_space height=&#8221;45px&#8221;][vc_column_text] Consent By completing the registration form, the user agrees to receive our electronic newsletter. The information collected is not&#8230;<\/p>\n","protected":false},"author":321,"featured_media":0,"parent":0,"menu_order":10,"comment_status":"closed","ping_status":"closed","template":"page_no_sidebar.php","meta":[],"yoast_head":"<!-- This site is optimized with the Yoast SEO plugin v19.13 - https:\/\/yoast.com\/wordpress\/plugins\/seo\/ -->\n<title>Terms &amp; conditions - Privacy Policy - Via Capitale du Mont-Royal<\/title>\n<meta name=\"robots\" content=\"index, follow, max-snippet:-1, max-image-preview:large, max-video-preview:-1\" \/>\n<link rel=\"canonical\" href=\"https:\/\/viacapitaledumontroyal.com\/en\/terms-conditions-privacy-policy\/\" \/>\n<meta property=\"og:locale\" content=\"en_US\" \/>\n<meta property=\"og:type\" content=\"article\" \/>\n<meta property=\"og:title\" content=\"Terms &amp; conditions - Privacy Policy - Via Capitale du Mont-Royal\" \/>\n<meta property=\"og:description\" content=\"[vc_row full_width=&#8221;stretch_row&#8221;][vc_column][\/vc_column][\/vc_row][vc_row][vc_column][vc_empty_space height=&#8221;45px&#8221;][vc_column_text] Consent By completing the registration form, the user agrees to receive our electronic newsletter. The information collected is not...\" \/>\n<meta property=\"og:url\" content=\"https:\/\/viacapitaledumontroyal.com\/en\/terms-conditions-privacy-policy\/\" \/>\n<meta property=\"og:site_name\" content=\"Via Capitale du Mont-Royal\" \/>\n<meta property=\"article:publisher\" content=\"https:\/\/www.facebook.com\/ViaCapitaleMontRoyal\" \/>\n<meta property=\"article:modified_time\" content=\"2019-01-25T23:47:52+00:00\" \/>\n<meta name=\"twitter:label1\" content=\"Est. reading time\" \/>\n\t<meta name=\"twitter:data1\" content=\"1 minute\" \/>\n<script type=\"application\/ld+json\" class=\"yoast-schema-graph\">{\"@context\":\"https:\/\/schema.org\",\"@graph\":[{\"@type\":\"WebPage\",\"@id\":\"https:\/\/viacapitaledumontroyal.com\/en\/terms-conditions-privacy-policy\/\",\"url\":\"https:\/\/viacapitaledumontroyal.com\/en\/terms-conditions-privacy-policy\/\",\"name\":\"Terms & conditions - Privacy Policy - Via Capitale du Mont-Royal\",\"isPartOf\":{\"@id\":\"https:\/\/viacapitaledumontroyal.com\/#website\"},\"datePublished\":\"2019-01-11T22:18:38+00:00\",\"dateModified\":\"2019-01-25T23:47:52+00:00\",\"breadcrumb\":{\"@id\":\"https:\/\/viacapitaledumontroyal.com\/en\/terms-conditions-privacy-policy\/#breadcrumb\"},\"inLanguage\":\"en-US\",\"potentialAction\":[{\"@type\":\"ReadAction\",\"target\":[\"https:\/\/viacapitaledumontroyal.com\/en\/terms-conditions-privacy-policy\/\"]}]},{\"@type\":\"BreadcrumbList\",\"@id\":\"https:\/\/viacapitaledumontroyal.com\/en\/terms-conditions-privacy-policy\/#breadcrumb\",\"itemListElement\":[{\"@type\":\"ListItem\",\"position\":1,\"name\":\"Accueil\",\"item\":\"https:\/\/viacapitaledumontroyal.com\/en\/\"},{\"@type\":\"ListItem\",\"position\":2,\"name\":\"Terms &#038; conditions &#8211; Privacy Policy\"}]},{\"@type\":\"WebSite\",\"@id\":\"https:\/\/viacapitaledumontroyal.com\/#website\",\"url\":\"https:\/\/viacapitaledumontroyal.com\/\",\"name\":\"Via Capitale du Mont-Royal\",\"description\":\"\",\"potentialAction\":[{\"@type\":\"SearchAction\",\"target\":{\"@type\":\"EntryPoint\",\"urlTemplate\":\"https:\/\/viacapitaledumontroyal.com\/?s={search_term_string}\"},\"query-input\":\"required name=search_term_string\"}],\"inLanguage\":\"en-US\"}]}<\/script>\n<!-- \/ Yoast SEO plugin. -->","yoast_head_json":{"title":"Terms & conditions - Privacy Policy - Via Capitale du Mont-Royal","robots":{"index":"index","follow":"follow","max-snippet":"max-snippet:-1","max-image-preview":"max-image-preview:large","max-video-preview":"max-video-preview:-1"},"canonical":"https:\/\/viacapitaledumontroyal.com\/en\/terms-conditions-privacy-policy\/","og_locale":"en_US","og_type":"article","og_title":"Terms & conditions - Privacy Policy - Via Capitale du Mont-Royal","og_description":"[vc_row full_width=&#8221;stretch_row&#8221;][vc_column][\/vc_column][\/vc_row][vc_row][vc_column][vc_empty_space height=&#8221;45px&#8221;][vc_column_text] Consent By completing the registration form, the user agrees to receive our electronic newsletter. The information collected is not...","og_url":"https:\/\/viacapitaledumontroyal.com\/en\/terms-conditions-privacy-policy\/","og_site_name":"Via Capitale du Mont-Royal","article_publisher":"https:\/\/www.facebook.com\/ViaCapitaleMontRoyal","article_modified_time":"2019-01-25T23:47:52+00:00","twitter_misc":{"Est. reading time":"1 minute"},"schema":{"@context":"https:\/\/schema.org","@graph":[{"@type":"WebPage","@id":"https:\/\/viacapitaledumontroyal.com\/en\/terms-conditions-privacy-policy\/","url":"https:\/\/viacapitaledumontroyal.com\/en\/terms-conditions-privacy-policy\/","name":"Terms & conditions - Privacy Policy - Via Capitale du Mont-Royal","isPartOf":{"@id":"https:\/\/viacapitaledumontroyal.com\/#website"},"datePublished":"2019-01-11T22:18:38+00:00","dateModified":"2019-01-25T23:47:52+00:00","breadcrumb":{"@id":"https:\/\/viacapitaledumontroyal.com\/en\/terms-conditions-privacy-policy\/#breadcrumb"},"inLanguage":"en-US","potentialAction":[{"@type":"ReadAction","target":["https:\/\/viacapitaledumontroyal.com\/en\/terms-conditions-privacy-policy\/"]}]},{"@type":"BreadcrumbList","@id":"https:\/\/viacapitaledumontroyal.com\/en\/terms-conditions-privacy-policy\/#breadcrumb","itemListElement":[{"@type":"ListItem","position":1,"name":"Accueil","item":"https:\/\/viacapitaledumontroyal.com\/en\/"},{"@type":"ListItem","position":2,"name":"Terms &#038; conditions &#8211; Privacy Policy"}]},{"@type":"WebSite","@id":"https:\/\/viacapitaledumontroyal.com\/#website","url":"https:\/\/viacapitaledumontroyal.com\/","name":"Via Capitale du Mont-Royal","description":"","potentialAction":[{"@type":"SearchAction","target":{"@type":"EntryPoint","urlTemplate":"https:\/\/viacapitaledumontroyal.com\/?s={search_term_string}"},"query-input":"required name=search_term_string"}],"inLanguage":"en-US"}]}},"_links":{"self":[{"href":"https:\/\/viacapitaledumontroyal.com\/en\/wp-json\/wp\/v2\/pages\/5111"}],"collection":[{"href":"https:\/\/viacapitaledumontroyal.com\/en\/wp-json\/wp\/v2\/pages"}],"about":[{"href":"https:\/\/viacapitaledumontroyal.com\/en\/wp-json\/wp\/v2\/types\/page"}],"author":[{"embeddable":true,"href":"https:\/\/viacapitaledumontroyal.com\/en\/wp-json\/wp\/v2\/users\/321"}],"replies":[{"embeddable":true,"href":"https:\/\/viacapitaledumontroyal.com\/en\/wp-json\/wp\/v2\/comments?post=5111"}],"version-history":[{"count":0,"href":"https:\/\/viacapitaledumontroyal.com\/en\/wp-json\/wp\/v2\/pages\/5111\/revisions"}],"wp:attachment":[{"href":"https:\/\/viacapitaledumontroyal.com\/en\/wp-json\/wp\/v2\/media?parent=5111"}],"curies":[{"name":"wp","href":"https:\/\/api.w.org\/{rel}","templated":true}]}}